{"id":8960,"date":"2024-05-28T03:22:31","date_gmt":"2024-05-28T03:22:31","guid":{"rendered":"https:\/\/www.bann.cn\/product\/single-tube-code-reader-bq-ms210\/"},"modified":"2024-06-06T08:29:02","modified_gmt":"2024-06-06T08:29:02","slug":"single-tube-code-reader-bq-ms210","status":"publish","type":"product","link":"https:\/\/www.bann.cn\/en\/product\/single-tube-code-reader-bq-ms210\/","title":{"rendered":"Single Tube Code Reader BQ-MS210"},"content":{"rendered":"<section class=\"wpb-content-wrapper\"><p>[vc_row css=&#8221;.vc_custom_1683347332668{margin-top: 60px !important;}&#8221; woodmart_css_id=&#8221;6455d77f38b27&#8243; responsive_spacing=&#8221;eyJwYXJhbV90eXBlIjoid29vZG1hcnRfcmVzcG9uc2l2ZV9zcGFjaW5nIiwic2VsZWN0b3JfaWQiOiI2NDU1ZDc3ZjM4YjI3Iiwic2hvcnRjb2RlIjoidmNfcm93IiwiZGF0YSI6eyJ0YWJsZXQiOnt9LCJtb2JpbGUiOnt9fX0=&#8221; mobile_bg_img_hidden=&#8221;no&#8221; tablet_bg_img_hidden=&#8221;no&#8221; woodmart_parallax=&#8221;0&#8243; woodmart_gradient_switch=&#8221;no&#8221; woodmart_box_shadow=&#8221;no&#8221; wd_z_index=&#8221;no&#8221; woodmart_disable_overflow=&#8221;0&#8243; row_reverse_mobile=&#8221;0&#8243; row_reverse_tablet=&#8221;0&#8243;][vc_column width=&#8221;1\/2&#8243;][vc_row_inner][vc_column_inner]\n\t\t<div id=\"wd-64562be39dbf1\" class=\"title-wrapper wd-wpb set-mb-s reset-last-child  wd-rs-64562be39dbf1 wd-title-color-default wd-title-style-default text-left  wd-underline-colored\">\n\t\t\t\n\t\t\t<div class=\"liner-continer\">\n\t\t\t\t<h4 class=\"woodmart-title-container title  wd-font-weight- wd-fontsize-l\" >Technical Parameters<\/h4>\n\t\t\t\t\t\t\t<\/div>\n\t\t\t\n\t\t\t\n\t\t\t\n\t\t<\/div>\n\t\t\n\t\t\t\t\t<div id=\"wd-66558ef987af1\" class=\"wd-text-block-wrapper wd-wpb wd-rs-66558ef987af1 color-scheme-dark text-center \">\n\t\t\t\t<div class=\"woodmart-title-container woodmart-text-block reset-last-child font-primary wd-font-weight- \">\n\t\t\t\t\t&nbsp;<\/p>\n<table class=\"table\">\n<tbody>\n<tr>\n<th class=\"product-thumbnail\">Product Model<\/th>\n<td class=\"product-name\"><sup>BANN\u00ae<\/sup> Series Single Tube Code Reader BQ-MS210<\/td>\n<\/tr>\n<tr>\n<th class=\"product-thumbnail\">Optical Resolution<\/th>\n<td class=\"product-name\">838dpi \u00d7 480dpi<\/td>\n<\/tr>\n<tr>\n<th class=\"product-thumbnail\">Electricity Consumption<\/th>\n<td class=\"product-name\">1.5W<\/td>\n<\/tr>\n<tr>\n<th class=\"product-thumbnail\">Sizes<\/th>\n<td class=\"product-name\">(W\u00d7L\u00d7H) 94\u00d793.4\u00d787mm<\/td>\n<\/tr>\n<tr>\n<th class=\"product-thumbnail\">Net Weight<\/th>\n<td class=\"product-name\">210g<\/td>\n<\/tr>\n<tr>\n<th class=\"product-thumbnail\">Scanning Angle<\/th>\n<td class=\"product-name\">Supports 360 degree rotation, 45 degree elevation angle, 65 degree oblique angle scanning<\/td>\n<\/tr>\n<tr>\n<th class=\"product-thumbnail\">I\/O<\/th>\n<td class=\"product-name\">RS232\/USB Keyboard Emulation\/USB Serial Port Emulation<\/td>\n<\/tr>\n<tr>\n<th class=\"product-thumbnail\">Decode Type<\/th>\n<td class=\"product-name\">1D, 2D<\/td>\n<\/tr>\n<tr>\n<th class=\"product-thumbnail\">Number of decodes in one scan<\/th>\n<td class=\"product-name\">1 barcode<\/td>\n<\/tr>\n<tr>\n<th class=\"product-thumbnail\">Compatibility<\/th>\n<td class=\"product-name\">Compatible with a wide range of containers, paper records and on-screen barcodes<\/td>\n<\/tr>\n<tr>\n<th class=\"product-thumbnail\">Docking automation platforms<\/th>\n<td class=\"product-name\">Supports<\/td>\n<\/tr>\n<tr>\n<th class=\"product-thumbnail\">Docking sample information management system<\/th>\n<td class=\"product-name\">Supports<\/td>\n<\/tr>\n<\/tbody>\n<\/table>\n<p>&nbsp;\t\t\t\t<\/div>\n\n\t\t\t\t\t\t\t<\/div>\n\t\t[\/vc_column_inner][\/vc_row_inner][\/vc_column][vc_column width=&#8221;1\/2&#8243;]\t\t<div id=\"wd-66558ed8ee7a7\" class=\"wd-image wd-wpb wd-rs-66558ed8ee7a7 text-left \">\n\t\t\t\n\t\t\t<img decoding=\"async\" class=\"\" src=\"https:\/\/www.bann.cn\/wp-content\/uploads\/2024\/05\/\u5355\u7ba1\u89e3\u7801-\u624b-600x450.jpg\" width=\"600\" height=\"450\" alt=\"\u5355\u7ba1\u89e3\u7801 \u624b\" title=\"\u5355\u7ba1\u89e3\u7801 \u624b\" \/>\n\t\t\t\t\t<\/div>\n\t\t[\/vc_column][\/vc_row][vc_row][vc_column][\/vc_column][\/vc_row]<\/p>\n<\/section>","protected":false},"excerpt":{"rendered":"<p>The Single Tube Code Reader BQ-MS210 supports common 1D and 2D codes (e.g. Code39, Code128, QR, DM, etc.), and it can also read many kinds of barcodes, such as AZTEC, Han xin code, and so on. It also supports reading barcodes on cell phones and LED screens. It is mainly designed for reading barcodes on small instruments (e.g. test tubes, cryopreservation tubes, EP tubes, etc.) or documents used in biospecimen repositories, medical testing, biological testing, physical and chemical analysis laboratories, and other occasions.<\/p>\n<p>The shape design of MS210 draws on ergonomic principles: the transparent glass position of the MS210 window is exactly the optimal distance for reading QR codes; the window is slightly tilted forward by 12 degrees, which corresponds to the natural angle between the user&#8217;s arm and the desktop, together with the height of MS210. Users can use their elbow joints to support the bottom of the cryopreservation tube to read on the glass of the window during long-term operation, avoiding wrist and shoulder fatigue caused by long-term arm suspension.<\/p>\n<p><a href=\"https:\/\/inno-spring.en.alibaba.com\/index.html?spm=a2700.shop_co.88.13\"><strong><button type=\"button\">Click to buy<\/button><\/strong><\/a><\/p>\n","protected":false},"featured_media":8834,"comment_status":"closed","ping_status":"closed","template":"","meta":[],"product_brand":[],"product_cat":[123],"product_tag":[],"class_list":{"0":"post-8960","1":"product","2":"type-product","3":"status-publish","4":"has-post-thumbnail","6":"product_cat-decoding-devices-en","8":"first","9":"instock","10":"shipping-taxable","11":"product-type-simple"},"_links":{"self":[{"href":"https:\/\/www.bann.cn\/en\/wp-json\/wp\/v2\/product\/8960","targetHints":{"allow":["GET"]}}],"collection":[{"href":"https:\/\/www.bann.cn\/en\/wp-json\/wp\/v2\/product"}],"about":[{"href":"https:\/\/www.bann.cn\/en\/wp-json\/wp\/v2\/types\/product"}],"replies":[{"embeddable":true,"href":"https:\/\/www.bann.cn\/en\/wp-json\/wp\/v2\/comments?post=8960"}],"wp:featuredmedia":[{"embeddable":true,"href":"https:\/\/www.bann.cn\/en\/wp-json\/wp\/v2\/media\/8834"}],"wp:attachment":[{"href":"https:\/\/www.bann.cn\/en\/wp-json\/wp\/v2\/media?parent=8960"}],"wp:term":[{"taxonomy":"product_brand","embeddable":true,"href":"https:\/\/www.bann.cn\/en\/wp-json\/wp\/v2\/product_brand?post=8960"},{"taxonomy":"product_cat","embeddable":true,"href":"https:\/\/www.bann.cn\/en\/wp-json\/wp\/v2\/product_cat?post=8960"},{"taxonomy":"product_tag","embeddable":true,"href":"https:\/\/www.bann.cn\/en\/wp-json\/wp\/v2\/product_tag?post=8960"}],"curies":[{"name":"wp","href":"https:\/\/api.w.org\/{rel}","templated":true}]}}